{"id":2767,"date":"2024-07-20T13:00:18","date_gmt":"2024-07-20T11:00:18","guid":{"rendered":"https:\/\/peopleplus.ch\/news\/"},"modified":"2026-02-18T16:11:05","modified_gmt":"2026-02-18T15:11:05","slug":"news","status":"publish","type":"page","link":"https:\/\/peopleplus.ch\/en\/news\/","title":{"rendered":"News"},"content":{"rendered":"<section class=\"l-section wpb_row height_auto width_full\"><div class=\"l-section-h i-cf\"><div class=\"g-cols vc_row via_grid cols_1-2 laptops-cols_inherit tablets-cols_inherit mobiles-cols_1 valign_middle type_default reversed stacking_default\"><div class=\"wpb_column vc_column_container us_custom_a61e2493\"><div class=\"vc_column-inner\"><h1 class=\"w-text title_quote overlayer left\"><span class=\"w-text-h\"><span class=\"w-text-value\">News and Updates from the People Plus Team<\/span><\/span><\/h1><div class=\"w-separator size_medium\"><\/div><div class=\"wpb_text_column us_custom_9d2fc92d title_subtitle subtitle left\"><div class=\"wpb_wrapper\"><p><span>Welcome to our news and updates page! Here you will find all the latest news from the People Plus team. We will keep you informed about our most recent projects, innovations in our management software, and corporate initiatives. Discover success stories, the events we attend, and the partnerships we are building. Stay connected to keep up to speed with our activities and the latest trends in the world of business management.<\/span><\/p>\n<\/div><\/div><\/div><\/div><div class=\"wpb_column vc_column_container us_custom_c47d27e8 has_bg_color\"><div class=\"vc_column-inner\"><div class=\"w-separator hide_on_tablets hide_on_mobiles size_custom\" style=\"height:800px\"><\/div><div class=\"w-separator hide_on_default hide_on_laptops size_custom\" style=\"height:400px\"><\/div><\/div><\/div><\/div><\/div><\/section><section class=\"l-section wpb_row height_auto\"><div class=\"l-section-h i-cf\"><div class=\"g-cols vc_row via_grid cols_1 laptops-cols_inherit tablets-cols_inherit mobiles-cols_1 valign_top type_default stacking_default\"><div class=\"wpb_column vc_column_container\"><div class=\"vc_column-inner\"><div class=\"w-separator size_medium\"><\/div><\/div><\/div><\/div><\/div><\/section><section class=\"l-section wpb_row us_custom_19737bc8 row_padder margin-auto height_large\"><div class=\"l-section-overlay\" style=\"background:var(--color-color-orange)\"><\/div><div class=\"l-section-h i-cf\"><div class=\"g-cols vc_row via_grid cols_1 laptops-cols_inherit tablets-cols_inherit mobiles-cols_1 valign_top type_default stacking_default\"><div class=\"wpb_column vc_column_container us_custom_07ac61ef has_bg_color\"><div class=\"vc_column-inner\"><div class=\"g-cols wpb_row us_custom_19737bc8 row_padder_inner_extra_smaller via_grid cols_1 laptops-cols_inherit tablets-cols_inherit mobiles-cols_1 valign_top type_default stacking_default\" style=\"--columns-gap:3rem;\"><div class=\"wpb_column vc_column_container\"><div class=\"vc_column-inner\"><div class=\"w-grid us_grid type_grid layout_611 cols_2 pagination_ajax preload_style_spinner\" id=\"us_grid_1\" style=\"--columns:2;--gap:2rem;\" data-filterable=\"true\"><style>@media (max-width:600px){#us_grid_1{--columns:1!important}}.layout_611 .w-grid-item-h{}.layout_611 .usg_image_1{transition-duration:0.3s;transform-origin:50% 50%;transform:scale(1) translate(0%,0%);opacity:0.85}.layout_611 .w-grid-item-h:focus-within .usg_image_1,.layout_611 .w-grid-item-h:hover .usg_image_1{transform:scale(1) translate(0%,0%);opacity:1}.layout_611 .usg_image_1{background:var(--color-color-orange)!important}.layout_611 .usg_vwrapper_2{margin-left:2.5rem!important;margin-top:-5rem!important;padding:1.5rem!important;background:var(--color-content-bg)!important}.layout_611 .usg_post_date_1{font-size:0.8rem!important}<\/style><div class=\"w-grid-list\">\t<article class=\"w-grid-item size_1x1 post-2858 post type-post status-publish format-standard has-post-thumbnail hentry category-senza-categoria\" data-id=\"2858\">\r\n\t\t<div class=\"w-grid-item-h\">\r\n\t\t\t\t\t\t<div class=\"w-vwrapper usg_vwrapper_1 align_none valign_top\"><div class=\"w-image usg_image_1 has_ratio has_bg_color\"><a href=\"https:\/\/peopleplus.ch\/en\/2026\/03\/integrare-i-sistemi-aziendali\/\" aria-label=\"Integrazione software aziendali\" class=\"w-image-h\"><div style=\"padding-bottom:75%\"><\/div><img decoding=\"async\" width=\"1024\" height=\"768\" src=\"https:\/\/peopleplus.ch\/wp-content\/uploads\/2026\/03\/Immagine-Articoli-sito-e-newsletter2.jpg\" class=\"attachment-full size-full\" alt=\"Integrazione software aziendali\" loading=\"lazy\" \/><\/a><\/div><div class=\"w-vwrapper usg_vwrapper_2 align_none valign_top\" style=\"--vwrapper-gap:0.5rem\"><time class=\"w-post-elm post_date usg_post_date_1 entry-date published\" datetime=\"2026-03-04T12:06:26+01:00\">04\/03\/2026<\/time><h6 class=\"w-post-elm post_title usg_post_title_1 entry-title color_link_inherit\"><a href=\"https:\/\/peopleplus.ch\/en\/2026\/03\/integrare-i-sistemi-aziendali\/\">Integrating Business Systems<\/a><\/h6><div class=\"w-hwrapper usg_hwrapper_1 align_right valign_bottom stack_on_mobiles\"><div class=\"w-text usg_text_1 icon_atright\"><a href=\"https:\/\/peopleplus.ch\/en\/2026\/03\/integrare-i-sistemi-aziendali\/\" class=\"w-text-h\"><span class=\"w-text-value\">Read more<\/span><i class=\"fal fa-chevron-right\"><\/i><\/a><\/div><\/div><\/div><\/div>\t\t<\/div>\r\n\t\t\t<\/article>\r\n\t<article class=\"w-grid-item size_1x1 post-2773 post type-post status-publish format-standard has-post-thumbnail hentry category-rassegna-stampa\" data-id=\"2773\">\r\n\t\t<div class=\"w-grid-item-h\">\r\n\t\t\t\t\t\t<div class=\"w-vwrapper usg_vwrapper_1 align_none valign_top\"><div class=\"w-image usg_image_1 has_ratio has_bg_color\"><a href=\"https:\/\/peopleplus.ch\/en\/2026\/01\/inizia-il-2026-con-un-software-gestionale-allaltezza-dei-tuoi-obiettivi\/\" aria-label=\"Gestione aziendale semplificata\" class=\"w-image-h\"><div style=\"padding-bottom:75%\"><\/div><img decoding=\"async\" width=\"1024\" height=\"768\" src=\"https:\/\/peopleplus.ch\/wp-content\/uploads\/2026\/01\/Immagine-Articoli-sito-e-newsletter.jpg\" class=\"attachment-full size-full\" alt=\"Inizia il 2026 con un software gestionale all&#039;altezza dei tuoi obiettivi\" loading=\"lazy\" \/><\/a><\/div><div class=\"w-vwrapper usg_vwrapper_2 align_none valign_top\" style=\"--vwrapper-gap:0.5rem\"><time class=\"w-post-elm post_date usg_post_date_1 entry-date published\" datetime=\"2026-01-13T11:51:09+01:00\">13\/01\/2026<\/time><h6 class=\"w-post-elm post_title usg_post_title_1 entry-title color_link_inherit\"><a href=\"https:\/\/peopleplus.ch\/en\/2026\/01\/inizia-il-2026-con-un-software-gestionale-allaltezza-dei-tuoi-obiettivi\/\">Inizia il 2026 con un software gestionale all\u2019altezza dei tuoi obiettivi<\/a><\/h6><div class=\"w-hwrapper usg_hwrapper_1 align_right valign_bottom stack_on_mobiles\"><div class=\"w-text usg_text_1 icon_atright\"><a href=\"https:\/\/peopleplus.ch\/en\/2026\/01\/inizia-il-2026-con-un-software-gestionale-allaltezza-dei-tuoi-obiettivi\/\" class=\"w-text-h\"><span class=\"w-text-value\">Read more<\/span><i class=\"fal fa-chevron-right\"><\/i><\/a><\/div><\/div><\/div><\/div>\t\t<\/div>\r\n\t\t\t<\/article>\r\n\t<article class=\"w-grid-item size_1x1 post-2774 post type-post status-publish format-standard has-post-thumbnail hentry category-senza-categoria\" data-id=\"2774\">\r\n\t\t<div class=\"w-grid-item-h\">\r\n\t\t\t\t\t\t<div class=\"w-vwrapper usg_vwrapper_1 align_none valign_top\"><div class=\"w-image usg_image_1 has_ratio has_bg_color\"><a href=\"https:\/\/peopleplus.ch\/en\/2025\/12\/buone-feste-dal-team-people-plus\/\" aria-label=\"Immagine Articoli sito e newsletter(5)\" class=\"w-image-h\"><div style=\"padding-bottom:75%\"><\/div><img decoding=\"async\" width=\"1024\" height=\"768\" src=\"https:\/\/peopleplus.ch\/wp-content\/uploads\/2025\/12\/Immagine-Articoli-sito-e-newsletter5.jpg\" class=\"attachment-full size-full\" alt=\"\" loading=\"lazy\" \/><\/a><\/div><div class=\"w-vwrapper usg_vwrapper_2 align_none valign_top\" style=\"--vwrapper-gap:0.5rem\"><time class=\"w-post-elm post_date usg_post_date_1 entry-date published\" datetime=\"2025-12-16T15:54:21+01:00\">16\/12\/2025<\/time><h6 class=\"w-post-elm post_title usg_post_title_1 entry-title color_link_inherit\"><a href=\"https:\/\/peopleplus.ch\/en\/2025\/12\/buone-feste-dal-team-people-plus\/\">Buone feste dal Team People Plus<\/a><\/h6><div class=\"w-hwrapper usg_hwrapper_1 align_right valign_bottom stack_on_mobiles\"><div class=\"w-text usg_text_1 icon_atright\"><a href=\"https:\/\/peopleplus.ch\/en\/2025\/12\/buone-feste-dal-team-people-plus\/\" class=\"w-text-h\"><span class=\"w-text-value\">Read more<\/span><i class=\"fal fa-chevron-right\"><\/i><\/a><\/div><\/div><\/div><\/div>\t\t<\/div>\r\n\t\t\t<\/article>\r\n<\/div>\t<div class=\"w-grid-preloader\">\r\n\t\t<div class=\"g-preloader type_1\">\r\n\t\t\t<div><\/div>\r\n\t\t<\/div>\r\n\t<\/div>\r\n\t\t<div class=\"w-grid-json hidden\" onclick='return {&quot;action&quot;:&quot;us_ajax_grid&quot;,&quot;infinite_scroll&quot;:0,&quot;max_num_pages&quot;:1,&quot;pagination&quot;:&quot;ajax&quot;,&quot;template_vars&quot;:{&quot;columns&quot;:&quot;2&quot;,&quot;exclude_items&quot;:&quot;none&quot;,&quot;img_size&quot;:&quot;default&quot;,&quot;ignore_items_size&quot;:0,&quot;items_layout&quot;:&quot;611&quot;,&quot;items_offset&quot;:&quot;1&quot;,&quot;load_animation&quot;:&quot;none&quot;,&quot;overriding_link&quot;:&quot;%7B%22url%22%3A%22%22%7D&quot;,&quot;post_id&quot;:0,&quot;query_args&quot;:{&quot;post_type&quot;:[&quot;post&quot;],&quot;post_status&quot;:[&quot;publish&quot;,&quot;acf-disabled&quot;,&quot;mapped&quot;,&quot;needs_update&quot;],&quot;posts_per_page&quot;:&quot;14&quot;},&quot;orderby_query_args&quot;:{&quot;orderby&quot;:{&quot;date&quot;:&quot;DESC&quot;}},&quot;type&quot;:&quot;grid&quot;,&quot;us_grid_post_type&quot;:&quot;post&quot;,&quot;us_grid_ajax_index&quot;:1,&quot;us_grid_filter_query_string&quot;:null,&quot;us_grid_index&quot;:1,&quot;page_args&quot;:[],&quot;lang&quot;:&quot;en&quot;}}'><\/div>\r\n\t<\/div><\/div><\/div><\/div><\/div><\/div><\/div><\/div><\/section><section class=\"l-section wpb_row height_auto\"><div class=\"l-section-h i-cf\"><div class=\"g-cols vc_row via_grid cols_1 laptops-cols_inherit tablets-cols_inherit mobiles-cols_1 valign_top type_default stacking_default\"><div class=\"wpb_column vc_column_container\"><div class=\"vc_column-inner\"><div class=\"w-separator size_medium\"><\/div><\/div><\/div><\/div><\/div><\/section>\n","protected":false},"excerpt":{"rendered":"Durante le festivit\u00e0 natalizie i nostri uffici resteranno chiusi mercoled\u00ec 24 e mercoled\u00ec 31 dicembre. Auguriamo un Natale sereno e un 2026 ricco di soddisfazioni a tutti!","protected":false},"author":1,"featured_media":0,"parent":0,"menu_order":0,"comment_status":"closed","ping_status":"closed","template":"","meta":{"_acf_changed":false,"footnotes":""},"class_list":["post-2767","page","type-page","status-publish","hentry"],"acf":[],"yoast_head":"<!-- This site is optimized with the Yoast SEO plugin v27.4 - https:\/\/yoast.com\/product\/yoast-seo-wordpress\/ -->\n<title>News | People Plus<\/title>\n<meta name=\"robots\" content=\"index, follow, max-snippet:-1, max-image-preview:large, max-video-preview:-1\" \/>\n<link rel=\"canonical\" href=\"https:\/\/peopleplus.ch\/en\/news\/\" \/>\n<meta property=\"og:locale\" content=\"en_US\" \/>\n<meta property=\"og:type\" content=\"article\" \/>\n<meta property=\"og:title\" content=\"News | People Plus\" \/>\n<meta property=\"og:url\" content=\"https:\/\/peopleplus.ch\/en\/news\/\" \/>\n<meta property=\"og:site_name\" content=\"People Plus\" \/>\n<meta property=\"article:modified_time\" content=\"2026-02-18T15:11:05+00:00\" \/>\n<meta name=\"twitter:card\" content=\"summary_large_image\" \/>\n<meta name=\"twitter:label1\" content=\"Est. reading time\" \/>\n\t<meta name=\"twitter:data1\" content=\"1 minute\" \/>\n<script type=\"application\/ld+json\" class=\"yoast-schema-graph\">{\"@context\":\"https:\\\/\\\/schema.org\",\"@graph\":[{\"@type\":\"WebPage\",\"@id\":\"https:\\\/\\\/peopleplus.ch\\\/en\\\/news\\\/\",\"url\":\"https:\\\/\\\/peopleplus.ch\\\/en\\\/news\\\/\",\"name\":\"News | People Plus\",\"isPartOf\":{\"@id\":\"https:\\\/\\\/peopleplus.ch\\\/en\\\/#website\"},\"datePublished\":\"2024-07-20T11:00:18+00:00\",\"dateModified\":\"2026-02-18T15:11:05+00:00\",\"breadcrumb\":{\"@id\":\"https:\\\/\\\/peopleplus.ch\\\/en\\\/news\\\/#breadcrumb\"},\"inLanguage\":\"en-US\",\"potentialAction\":[{\"@type\":\"ReadAction\",\"target\":[\"https:\\\/\\\/peopleplus.ch\\\/en\\\/news\\\/\"]}]},{\"@type\":\"BreadcrumbList\",\"@id\":\"https:\\\/\\\/peopleplus.ch\\\/en\\\/news\\\/#breadcrumb\",\"itemListElement\":[{\"@type\":\"ListItem\",\"position\":1,\"name\":\"Home\",\"item\":\"https:\\\/\\\/peopleplus.ch\\\/en\\\/implementazione-sistemi-sap-business-one-erp\\\/\"},{\"@type\":\"ListItem\",\"position\":2,\"name\":\"News\"}]},{\"@type\":\"WebSite\",\"@id\":\"https:\\\/\\\/peopleplus.ch\\\/en\\\/#website\",\"url\":\"https:\\\/\\\/peopleplus.ch\\\/en\\\/\",\"name\":\"People Plus - Business Innovation Whit Care\",\"description\":\"Specialisti in sistemi SAP Business One\",\"publisher\":{\"@id\":\"https:\\\/\\\/peopleplus.ch\\\/en\\\/#organization\"},\"alternateName\":\"People Plus\",\"potentialAction\":[{\"@type\":\"SearchAction\",\"target\":{\"@type\":\"EntryPoint\",\"urlTemplate\":\"https:\\\/\\\/peopleplus.ch\\\/en\\\/?s={search_term_string}\"},\"query-input\":{\"@type\":\"PropertyValueSpecification\",\"valueRequired\":true,\"valueName\":\"search_term_string\"}}],\"inLanguage\":\"en-US\"},{\"@type\":\"Organization\",\"@id\":\"https:\\\/\\\/peopleplus.ch\\\/en\\\/#organization\",\"name\":\"People Plus - Business Innovation Whit Care\",\"alternateName\":\"People Plus\",\"url\":\"https:\\\/\\\/peopleplus.ch\\\/en\\\/\",\"logo\":{\"@type\":\"ImageObject\",\"inLanguage\":\"en-US\",\"@id\":\"https:\\\/\\\/peopleplus.ch\\\/en\\\/#\\\/schema\\\/logo\\\/image\\\/\",\"url\":\"\",\"contentUrl\":\"\",\"caption\":\"People Plus - Business Innovation Whit Care\"},\"image\":{\"@id\":\"https:\\\/\\\/peopleplus.ch\\\/en\\\/#\\\/schema\\\/logo\\\/image\\\/\"},\"sameAs\":[\"https:\\\/\\\/www.linkedin.com\\\/company\\\/people-plus-sagl\\\/\"]}]}<\/script>\n<!-- \/ Yoast SEO plugin. -->","yoast_head_json":{"title":"News | People Plus","robots":{"index":"index","follow":"follow","max-snippet":"max-snippet:-1","max-image-preview":"max-image-preview:large","max-video-preview":"max-video-preview:-1"},"canonical":"https:\/\/peopleplus.ch\/en\/news\/","og_locale":"en_US","og_type":"article","og_title":"News | People Plus","og_url":"https:\/\/peopleplus.ch\/en\/news\/","og_site_name":"People Plus","article_modified_time":"2026-02-18T15:11:05+00:00","twitter_card":"summary_large_image","twitter_misc":{"Est. reading time":"1 minute"},"schema":{"@context":"https:\/\/schema.org","@graph":[{"@type":"WebPage","@id":"https:\/\/peopleplus.ch\/en\/news\/","url":"https:\/\/peopleplus.ch\/en\/news\/","name":"News | People Plus","isPartOf":{"@id":"https:\/\/peopleplus.ch\/en\/#website"},"datePublished":"2024-07-20T11:00:18+00:00","dateModified":"2026-02-18T15:11:05+00:00","breadcrumb":{"@id":"https:\/\/peopleplus.ch\/en\/news\/#breadcrumb"},"inLanguage":"en-US","potentialAction":[{"@type":"ReadAction","target":["https:\/\/peopleplus.ch\/en\/news\/"]}]},{"@type":"BreadcrumbList","@id":"https:\/\/peopleplus.ch\/en\/news\/#breadcrumb","itemListElement":[{"@type":"ListItem","position":1,"name":"Home","item":"https:\/\/peopleplus.ch\/en\/implementazione-sistemi-sap-business-one-erp\/"},{"@type":"ListItem","position":2,"name":"News"}]},{"@type":"WebSite","@id":"https:\/\/peopleplus.ch\/en\/#website","url":"https:\/\/peopleplus.ch\/en\/","name":"People Plus - Business Innovation Whit Care","description":"Specialisti in sistemi SAP Business One","publisher":{"@id":"https:\/\/peopleplus.ch\/en\/#organization"},"alternateName":"People Plus","potentialAction":[{"@type":"SearchAction","target":{"@type":"EntryPoint","urlTemplate":"https:\/\/peopleplus.ch\/en\/?s={search_term_string}"},"query-input":{"@type":"PropertyValueSpecification","valueRequired":true,"valueName":"search_term_string"}}],"inLanguage":"en-US"},{"@type":"Organization","@id":"https:\/\/peopleplus.ch\/en\/#organization","name":"People Plus - Business Innovation Whit Care","alternateName":"People Plus","url":"https:\/\/peopleplus.ch\/en\/","logo":{"@type":"ImageObject","inLanguage":"en-US","@id":"https:\/\/peopleplus.ch\/en\/#\/schema\/logo\/image\/","url":"","contentUrl":"","caption":"People Plus - Business Innovation Whit Care"},"image":{"@id":"https:\/\/peopleplus.ch\/en\/#\/schema\/logo\/image\/"},"sameAs":["https:\/\/www.linkedin.com\/company\/people-plus-sagl\/"]}]}},"_links":{"self":[{"href":"https:\/\/peopleplus.ch\/en\/wp-json\/wp\/v2\/pages\/2767","targetHints":{"allow":["GET"]}}],"collection":[{"href":"https:\/\/peopleplus.ch\/en\/wp-json\/wp\/v2\/pages"}],"about":[{"href":"https:\/\/peopleplus.ch\/en\/wp-json\/wp\/v2\/types\/page"}],"author":[{"embeddable":true,"href":"https:\/\/peopleplus.ch\/en\/wp-json\/wp\/v2\/users\/1"}],"replies":[{"embeddable":true,"href":"https:\/\/peopleplus.ch\/en\/wp-json\/wp\/v2\/comments?post=2767"}],"version-history":[{"count":4,"href":"https:\/\/peopleplus.ch\/en\/wp-json\/wp\/v2\/pages\/2767\/revisions"}],"predecessor-version":[{"id":2778,"href":"https:\/\/peopleplus.ch\/en\/wp-json\/wp\/v2\/pages\/2767\/revisions\/2778"}],"wp:attachment":[{"href":"https:\/\/peopleplus.ch\/en\/wp-json\/wp\/v2\/media?parent=2767"}],"curies":[{"name":"wp","href":"https:\/\/api.w.org\/{rel}","templated":true}]}}